{"id":6847,"date":"2022-10-07T14:44:50","date_gmt":"2022-10-07T14:44:50","guid":{"rendered":"https:\/\/zaliakalniopoliklinika.lt\/?page_id=6847"},"modified":"2026-02-09T14:51:33","modified_gmt":"2026-02-09T11:51:33","slug":"nemokamos-paslaugos","status":"publish","type":"page","link":"https:\/\/zaliakalniopoliklinika.lt\/en\/pacientams\/nemokamos-paslaugos\/","title":{"rendered":"Free services"},"content":{"rendered":"<div data-elementor-type=\"wp-page\" data-elementor-id=\"6847\" class=\"elementor elementor-6847\">\n\t\t\t\t\t\t\t        <section class=\"elementor-section elementor-top-section elementor-element elementor-element-c3a305a elementor-section-boxed elementor-section-height-default elementor-section-height-default ct-header-fixed-none ct-column-none ct-row-scroll-none ct-row-gradient--none\" data-id=\"c3a305a\" data-element_type=\"section\" data-settings=\"{&quot;ekit_has_onepagescroll_dot&quot;:&quot;yes&quot;}\">\n            \n                        <div class=\"elementor-container elementor-column-gap-default\">\n                    <div class=\"elementor-column elementor-col-66 elementor-top-column elementor-element elementor-element-b156179 ct-column-none col-offset-none col-color-offset-none\" data-id=\"b156179\" data-element_type=\"column\">\n            <div class=\"elementor-widget-wrap elementor-element-populated\">\n                        \t\t<div class=\"elementor-element elementor-element-27eeaee elementor-widget elementor-widget-ct_heading\" data-id=\"27eeaee\" data-element_type=\"widget\" data-settings=\"{&quot;ekit_we_effect_on&quot;:&quot;none&quot;}\" data-widget_type=\"ct_heading.default\">\n\t\t\t\t<div class=\"elementor-widget-container\">\n\t\t\t<div id=\"ct_heading-27eeaee\" class=\"ct-heading h-align- item-st-default highlight-style1\">\r\n  <div class=\"ct-heading--inner\"> \r\n    <div class=\"ct-inline-css\"  data-css=\"                                \">\r\n    <\/div>\r\n  \r\n\t    <h3 class=\"item--title st-default\" data-wow-delay=\"ms\">\r\n        <span class=\"ct-text-inner\">Free services<\/span>    <\/h3>\r\n  <\/div>\r\n<\/div>\r\n\t\t<\/div>\n\t\t\t\t<\/div>\n\t\t\t\t<div class=\"elementor-element elementor-element-9f2acf2 elementor-widget elementor-widget-text-editor\" data-id=\"9f2acf2\" data-element_type=\"widget\" data-settings=\"{&quot;ekit_we_effect_on&quot;:&quot;none&quot;}\" data-widget_type=\"text-editor.default\">\n\t\t\t\t<div class=\"elementor-widget-container\">\n\t\t\t<style>\/*! elementor - v3.18.0 - 29-10-2023 *\/\n.elementor-widget-text-editor.elementor-drop-cap-view-stacked .elementor-drop-cap{background-color:#69727d;color:#fff}.elementor-widget-text-editor.elementor-drop-cap-view-framed .elementor-drop-cap{color:#69727d;border:3px solid;background-color:transparent}.elementor-widget-text-editor:not(.elementor-drop-cap-view-default) .elementor-drop-cap{margin-top:8px}.elementor-widget-text-editor:not(.elementor-drop-cap-view-default) .elementor-drop-cap-letter{width:1em;height:1em}.elementor-widget-text-editor .elementor-drop-cap{float:left;text-align:center;line-height:1;font-size:50px}.elementor-widget-text-editor .elementor-drop-cap-letter{display:inline-block}<\/style>\t\t\t\t<p><strong><a href=\"https:\/\/zaliakalniopoliklinika.lt\/wp-content\/uploads\/2023\/05\/Nemokamos-paslaugos-Kaunas.pdf\">Free services.<\/a><\/strong><\/p><p><strong>The following free personal healthcare services are available at \u017daliakalnis Polyclinic:<\/strong><br \/><strong>1.<\/strong>\u00a0The list of essential medical assistance, i.e. diseases and pathological conditions for which medical assistance is provided free of charge, is approved by the Order of the Minister of Health of the Republic of Lithuania No.V-208 of April 8, 2004 \"On the Approval of the Procedures and Scope of Provision of Essential Medical Assistance and Services of Essential Medical Assistance\", and its amendments and additions.<br \/><strong>2.<\/strong>\u00a0The following persons are entitled to free personal health care services, paid for by the State Patients' Fund (according to the agreement between the polyclinic and Kaunas Territorial Patients' Fund) from the funds of the PSDF, provided in \u017daliakalnis polyclinic,\u00a0<strong>covered by compulsory health insurance<\/strong>\u00a0and residents who are registered with the health facility (for primary care services).<br \/><strong>3.<\/strong>\u00a0<strong>Free secondary personal healthcare<\/strong>\u00a0provided to those insured with compulsory health insurance and who have a doctor's referral for a consultation or who have been prescribed long-term observation by a specialist (in accordance with the procedure laid down by the legislation of the Republic of Lithuania).<br \/><strong>4.<\/strong>\u00a0<strong>Nomenclature of personal healthcare services provided free of charge by \u017daliakalnis polyclinic UAB:<\/strong><\/p><ul><li>Services provided by professionally qualified doctors providing primary outpatient personal health care;<\/li><li>Doctors, nurses and midwives in primary outpatient personal health care<\/li><li>Additional incentive services;<\/li><li>Primary outpatient mental health services;<\/li><li>Primary dental personal health care services (patients, except for children and older, enrolled in full-time general education schools, full-time sections of vocational schools, but not longer than 24 years of age, and socially disadvantaged persons, who provide a certificate from the social welfare department of the municipality of residence, pay for filling materials, other dental materials and disposable instruments);<\/li><li>Home care services;<\/li><li>Diabetes care services;<\/li><li>Secondary level services from specialist doctors;<\/li><li>High-cost tests and procedures;<\/li><li>Services of the cervical cancer prevention programme;<\/li><li>Services of the Early Diagnosis Programme for the Prostate;<\/li><li>Services for the screening and prevention programme for people at high risk of cardiovascular disease;<\/li><li>Services of the Colorectal Cancer Early Diagnosis Programme;<\/li><li>Dental prosthetics services;<\/li><li>Emergency medical care.<\/li><\/ul><p><strong>5.<\/strong>\u00a0Approval of the provisions of the 'Family doctor's medical certificate' on the 'Family medicine medical certificate'.<br \/><strong>6.<\/strong>\u00a0The scope and procedure of services provided by other primary outpatient personal health care physicians and level II specialists are specified in the medical norms and methodologies for the diagnosis and treatment of diseases approved by the Ministry of Health of the Republic of Lithuania.<br \/><strong>7.<\/strong>\u00a0Other free services:<\/p><ul><li>Depending on the agreement on the provision of medical rehabilitation and sanatorium (anti-recovery) treatment services and the reimbursement of the costs of the services provided to the insured persons with the Territorial Patient Funds (TPLs), medical rehabilitation and sanatorium (anti-recovery) treatment services are provided free of charge.<\/li><li>Dental prosthetics services. The procedure and amount of the reimbursed service shall be determined in accordance with the Order of the Minister of Health of the Republic of Lithuania of 21 November 2005 No V-890 \"On the Approval of the Procedure for Provision of Dental Prosthetic Services and Reimbursement of Costs from the Budget of the Compulsory Health Insurance Fund\" (\u017din., 2005, No 140-5047; 2009, No 112-4784) and its amendments and supplements. The following persons insured by compulsory health insurance shall be entitled to dentures reimbursed from the budget of the PSDF: a) persons who have reached the age of old-age pension; b) persons recognised as incapable of work or as partially capable of work (incapacity for work level 10-25%); c) children.<\/li><\/ul>\t\t\t\t\t\t<\/div>\n\t\t\t\t<\/div>\n\t\t            <\/div>\n        <\/div>\n                <div class=\"elementor-column elementor-col-33 elementor-top-column elementor-element elementor-element-6ee158f ct-column-none col-offset-none col-color-offset-none\" data-id=\"6ee158f\" data-element_type=\"column\">\n            <div class=\"elementor-widget-wrap elementor-element-populated\">\n                        \t\t<div class=\"elementor-element elementor-element-9b52853 elementor-widget elementor-widget-ct_link\" data-id=\"9b52853\" data-element_type=\"widget\" data-settings=\"{&quot;ekit_we_effect_on&quot;:&quot;none&quot;}\" data-widget_type=\"ct_link.default\">\n\t\t\t\t<div class=\"elementor-widget-container\">\n\t\t\t    <div class=\"ct-link1 style1\">\r\n        <ul class=\"ct-link-items\">\r\n                                <li>\r\n                        <a href=\"https:\/\/zaliakalniopoliklinika.lt\/en\/alergenai\/\">\r\n                                                        Allergens                        <\/a>\r\n                    <\/li>\r\n                                <li>\r\n                        <a href=\"https:\/\/zaliakalniopoliklinika.lt\/en\/skiepijimas-covid-19-vakcina\/\">\r\n                                                        Vaccination with Covid-19 vaccine                        <\/a>\r\n                    <\/li>\r\n                                <li>\r\n                        <a href=\"https:\/\/zaliakalniopoliklinika.lt\/en\/vaiku-profilaktinis-patikrinimas\/\">\r\n                                                        Preventive check-ups for children                        <\/a>\r\n                    <\/li>\r\n                                <li>\r\n                        <a href=\"https:\/\/zaliakalniopoliklinika.lt\/en\/kaip-tapti-klinikos-pacientu\/\">\r\n                                                        How do I become a clinic patient?                        <\/a>\r\n                    <\/li>\r\n                                <li>\r\n                        <a href=\"https:\/\/zaliakalniopoliklinika.lt\/en\/pacientams\/butinoji-medicinos-pagalba\/\">\r\n                                                        Medical emergencies                        <\/a>\r\n                    <\/li>\r\n                                <li>\r\n                        <a href=\"https:\/\/zaliakalniopoliklinika.lt\/en\/mokamos-paslaugos\/\">\r\n                                                        Paid services                        <\/a>\r\n                    <\/li>\r\n                                <li>\r\n                        <a href=\"https:\/\/zaliakalniopoliklinika.lt\/en\/nemokamos-paslaugos\/\">\r\n                                                        Free services                        <\/a>\r\n                    <\/li>\r\n                                <li>\r\n                        <a href=\"https:\/\/zaliakalniopoliklinika.lt\/en\/pacientams\/nemokamos-ambulatorines-slaugos-paslaugos-namuose\/\">\r\n                                                        Free outpatient home care services                        <\/a>\r\n                    <\/li>\r\n                                <li>\r\n                        <a href=\"https:\/\/zaliakalniopoliklinika.lt\/en\/naujagimiu-teveliams\/\">\r\n                                                        For parents of newborns                        <\/a>\r\n                    <\/li>\r\n                                <li>\r\n                        <a href=\"https:\/\/zaliakalniopoliklinika.lt\/en\/pacientams\/apmokejimo-budai-draudimai\/\">\r\n                                                        Methods of payment, insurances                        <\/a>\r\n                    <\/li>\r\n                                <li>\r\n                        <a href=\"https:\/\/zaliakalniopoliklinika.lt\/en\/mirties-liudijimas\/\">\r\n                                                        Death certificate                        <\/a>\r\n                    <\/li>\r\n                                <li>\r\n                        <a href=\"https:\/\/zaliakalniopoliklinika.lt\/en\/paciento-atmintine\/\">\r\n                                                        Patient memo                        <\/a>\r\n                    <\/li>\r\n                    <\/ul>\r\n    <\/div>\r\n\t\t<\/div>\n\t\t\t\t<\/div>\n\t\t            <\/div>\n        <\/div>\n                            <\/div>\n        <\/section>\n        \t\t\t\t\t<\/div>","protected":false},"excerpt":{"rendered":"<p>Free services Free services. Zaliakalnis polyclinic provides the following free personal healthcare services:1. The list of essential medical care, i.e. diseases and pathological conditions for which medical assistance is provided free of charge, is approved by the Order of the Minister of Health of the Republic of Lithuania No. V-208 of April 8, 2004 \"On the Approval of the Procedure and Scope of Provision of Essential Medical Care and Essential Medical Care Services and its Amendments and [...]<\/p>","protected":false},"author":2,"featured_media":0,"parent":6840,"menu_order":0,"comment_status":"closed","ping_status":"closed","template":"","meta":{"footnotes":""},"class_list":["post-6847","page","type-page","status-publish","hentry"],"yoast_head":"<!-- This site is optimized with the Yoast SEO plugin v25.2 - https:\/\/yoast.com\/wordpress\/plugins\/seo\/ -->\n<title>Nemokamos paslaugos - \u017daliakalnio poliklinika<\/title>\n<meta name=\"description\" content=\"Nemokamos paslaugos\" \/>\n<meta name=\"robots\" content=\"index, follow, max-snippet:-1, max-image-preview:large, max-video-preview:-1\" \/>\n<link rel=\"canonical\" href=\"https:\/\/zaliakalniopoliklinika.lt\/en\/pacientams\/nemokamos-paslaugos\/\" \/>\n<meta property=\"og:locale\" content=\"en_US\" \/>\n<meta property=\"og:type\" content=\"article\" \/>\n<meta property=\"og:title\" content=\"Nemokamos paslaugos - \u017daliakalnio poliklinika\" \/>\n<meta property=\"og:description\" content=\"Nemokamos paslaugos\" \/>\n<meta property=\"og:url\" content=\"https:\/\/zaliakalniopoliklinika.lt\/en\/pacientams\/nemokamos-paslaugos\/\" \/>\n<meta property=\"og:site_name\" content=\"\u017daliakalnio poliklinika\" \/>\n<meta property=\"article:publisher\" content=\"https:\/\/www.facebook.com\/uabzaliakalniopoliklinika\/\" \/>\n<meta property=\"article:modified_time\" content=\"2026-02-09T11:51:33+00:00\" \/>\n<meta name=\"twitter:card\" content=\"summary_large_image\" \/>\n<script type=\"application\/ld+json\" class=\"yoast-schema-graph\">{\"@context\":\"https:\/\/schema.org\",\"@graph\":[{\"@type\":\"WebPage\",\"@id\":\"https:\/\/zaliakalniopoliklinika.lt\/pacientams\/nemokamos-paslaugos\/\",\"url\":\"https:\/\/zaliakalniopoliklinika.lt\/pacientams\/nemokamos-paslaugos\/\",\"name\":\"Nemokamos paslaugos - \u017daliakalnio poliklinika\",\"isPartOf\":{\"@id\":\"https:\/\/zaliakalniopoliklinika.lt\/#website\"},\"datePublished\":\"2022-10-07T14:44:50+00:00\",\"dateModified\":\"2026-02-09T11:51:33+00:00\",\"description\":\"Nemokamos paslaugos\",\"breadcrumb\":{\"@id\":\"https:\/\/zaliakalniopoliklinika.lt\/pacientams\/nemokamos-paslaugos\/#breadcrumb\"},\"inLanguage\":\"en-US\",\"potentialAction\":[{\"@type\":\"ReadAction\",\"target\":[\"https:\/\/zaliakalniopoliklinika.lt\/pacientams\/nemokamos-paslaugos\/\"]}]},{\"@type\":\"BreadcrumbList\",\"@id\":\"https:\/\/zaliakalniopoliklinika.lt\/pacientams\/nemokamos-paslaugos\/#breadcrumb\",\"itemListElement\":[{\"@type\":\"ListItem\",\"position\":1,\"name\":\"Pagrindinis\",\"item\":\"https:\/\/zaliakalniopoliklinika.lt\/\"},{\"@type\":\"ListItem\",\"position\":2,\"name\":\"Pacientams\",\"item\":\"https:\/\/zaliakalniopoliklinika.lt\/pacientams\/\"},{\"@type\":\"ListItem\",\"position\":3,\"name\":\"Nemokamos paslaugos\"}]},{\"@type\":\"WebSite\",\"@id\":\"https:\/\/zaliakalniopoliklinika.lt\/#website\",\"url\":\"https:\/\/zaliakalniopoliklinika.lt\/\",\"name\":\"\u017daliakalnio poliklinika\",\"description\":\"Profesonalios medicinos paslaugos.  Mes r\u016bpinam\u0117s J\u016bs\u0173 sveikata.\",\"publisher\":{\"@id\":\"https:\/\/zaliakalniopoliklinika.lt\/#organization\"},\"alternateName\":\"Poliklinika \u017daliakalnio\",\"potentialAction\":[{\"@type\":\"SearchAction\",\"target\":{\"@type\":\"EntryPoint\",\"urlTemplate\":\"https:\/\/zaliakalniopoliklinika.lt\/?s={search_term_string}\"},\"query-input\":{\"@type\":\"PropertyValueSpecification\",\"valueRequired\":true,\"valueName\":\"search_term_string\"}}],\"inLanguage\":\"en-US\"},{\"@type\":\"Organization\",\"@id\":\"https:\/\/zaliakalniopoliklinika.lt\/#organization\",\"name\":\"\u017daliakalnio poliklinika\",\"url\":\"https:\/\/zaliakalniopoliklinika.lt\/\",\"logo\":{\"@type\":\"ImageObject\",\"inLanguage\":\"en-US\",\"@id\":\"https:\/\/zaliakalniopoliklinika.lt\/#\/schema\/logo\/image\/\",\"url\":\"https:\/\/zaliakalniopoliklinika.lt\/wp-content\/uploads\/2021\/12\/Zaliakalnio-poliklinika-logotipas_skaidrus512x512.png\",\"contentUrl\":\"https:\/\/zaliakalniopoliklinika.lt\/wp-content\/uploads\/2021\/12\/Zaliakalnio-poliklinika-logotipas_skaidrus512x512.png\",\"width\":512,\"height\":512,\"caption\":\"\u017daliakalnio poliklinika\"},\"image\":{\"@id\":\"https:\/\/zaliakalniopoliklinika.lt\/#\/schema\/logo\/image\/\"},\"sameAs\":[\"https:\/\/www.facebook.com\/uabzaliakalniopoliklinika\/\"]}]}<\/script>\n<!-- \/ Yoast SEO plugin. -->","yoast_head_json":{"title":"Nemokamos paslaugos - \u017daliakalnio poliklinika","description":"Nemokamos paslaugos","robots":{"index":"index","follow":"follow","max-snippet":"max-snippet:-1","max-image-preview":"max-image-preview:large","max-video-preview":"max-video-preview:-1"},"canonical":"https:\/\/zaliakalniopoliklinika.lt\/en\/pacientams\/nemokamos-paslaugos\/","og_locale":"en_US","og_type":"article","og_title":"Nemokamos paslaugos - \u017daliakalnio poliklinika","og_description":"Nemokamos paslaugos","og_url":"https:\/\/zaliakalniopoliklinika.lt\/en\/pacientams\/nemokamos-paslaugos\/","og_site_name":"\u017daliakalnio poliklinika","article_publisher":"https:\/\/www.facebook.com\/uabzaliakalniopoliklinika\/","article_modified_time":"2026-02-09T11:51:33+00:00","twitter_card":"summary_large_image","schema":{"@context":"https:\/\/schema.org","@graph":[{"@type":"WebPage","@id":"https:\/\/zaliakalniopoliklinika.lt\/pacientams\/nemokamos-paslaugos\/","url":"https:\/\/zaliakalniopoliklinika.lt\/pacientams\/nemokamos-paslaugos\/","name":"Nemokamos paslaugos - \u017daliakalnio poliklinika","isPartOf":{"@id":"https:\/\/zaliakalniopoliklinika.lt\/#website"},"datePublished":"2022-10-07T14:44:50+00:00","dateModified":"2026-02-09T11:51:33+00:00","description":"Nemokamos paslaugos","breadcrumb":{"@id":"https:\/\/zaliakalniopoliklinika.lt\/pacientams\/nemokamos-paslaugos\/#breadcrumb"},"inLanguage":"en-US","potentialAction":[{"@type":"ReadAction","target":["https:\/\/zaliakalniopoliklinika.lt\/pacientams\/nemokamos-paslaugos\/"]}]},{"@type":"BreadcrumbList","@id":"https:\/\/zaliakalniopoliklinika.lt\/pacientams\/nemokamos-paslaugos\/#breadcrumb","itemListElement":[{"@type":"ListItem","position":1,"name":"Pagrindinis","item":"https:\/\/zaliakalniopoliklinika.lt\/"},{"@type":"ListItem","position":2,"name":"Pacientams","item":"https:\/\/zaliakalniopoliklinika.lt\/pacientams\/"},{"@type":"ListItem","position":3,"name":"Nemokamos paslaugos"}]},{"@type":"WebSite","@id":"https:\/\/zaliakalniopoliklinika.lt\/#website","url":"https:\/\/zaliakalniopoliklinika.lt\/","name":"\u017daliakalnio poliklinika","description":"Profesonalios medicinos paslaugos.  Mes r\u016bpinam\u0117s J\u016bs\u0173 sveikata.","publisher":{"@id":"https:\/\/zaliakalniopoliklinika.lt\/#organization"},"alternateName":"Poliklinika \u017daliakalnio","potentialAction":[{"@type":"SearchAction","target":{"@type":"EntryPoint","urlTemplate":"https:\/\/zaliakalniopoliklinika.lt\/?s={search_term_string}"},"query-input":{"@type":"PropertyValueSpecification","valueRequired":true,"valueName":"search_term_string"}}],"inLanguage":"en-US"},{"@type":"Organization","@id":"https:\/\/zaliakalniopoliklinika.lt\/#organization","name":"\u017daliakalnio poliklinika","url":"https:\/\/zaliakalniopoliklinika.lt\/","logo":{"@type":"ImageObject","inLanguage":"en-US","@id":"https:\/\/zaliakalniopoliklinika.lt\/#\/schema\/logo\/image\/","url":"https:\/\/zaliakalniopoliklinika.lt\/wp-content\/uploads\/2021\/12\/Zaliakalnio-poliklinika-logotipas_skaidrus512x512.png","contentUrl":"https:\/\/zaliakalniopoliklinika.lt\/wp-content\/uploads\/2021\/12\/Zaliakalnio-poliklinika-logotipas_skaidrus512x512.png","width":512,"height":512,"caption":"\u017daliakalnio poliklinika"},"image":{"@id":"https:\/\/zaliakalniopoliklinika.lt\/#\/schema\/logo\/image\/"},"sameAs":["https:\/\/www.facebook.com\/uabzaliakalniopoliklinika\/"]}]}},"publishpress_future_action":{"enabled":false,"date":"2026-04-26 04:15:06","action":"change-status","newStatus":"draft","terms":[],"taxonomy":""},"publishpress_future_workflow_manual_trigger":{"enabledWorkflows":[]},"_links":{"self":[{"href":"https:\/\/zaliakalniopoliklinika.lt\/en\/wp-json\/wp\/v2\/pages\/6847","targetHints":{"allow":["GET"]}}],"collection":[{"href":"https:\/\/zaliakalniopoliklinika.lt\/en\/wp-json\/wp\/v2\/pages"}],"about":[{"href":"https:\/\/zaliakalniopoliklinika.lt\/en\/wp-json\/wp\/v2\/types\/page"}],"author":[{"embeddable":true,"href":"https:\/\/zaliakalniopoliklinika.lt\/en\/wp-json\/wp\/v2\/users\/2"}],"replies":[{"embeddable":true,"href":"https:\/\/zaliakalniopoliklinika.lt\/en\/wp-json\/wp\/v2\/comments?post=6847"}],"version-history":[{"count":3,"href":"https:\/\/zaliakalniopoliklinika.lt\/en\/wp-json\/wp\/v2\/pages\/6847\/revisions"}],"predecessor-version":[{"id":17429,"href":"https:\/\/zaliakalniopoliklinika.lt\/en\/wp-json\/wp\/v2\/pages\/6847\/revisions\/17429"}],"up":[{"embeddable":true,"href":"https:\/\/zaliakalniopoliklinika.lt\/en\/wp-json\/wp\/v2\/pages\/6840"}],"wp:attachment":[{"href":"https:\/\/zaliakalniopoliklinika.lt\/en\/wp-json\/wp\/v2\/media?parent=6847"}],"curies":[{"name":"wp","href":"https:\/\/api.w.org\/{rel}","templated":true}]}}