{"id":6842,"date":"2022-10-07T14:44:48","date_gmt":"2022-10-07T14:44:48","guid":{"rendered":"https:\/\/zaliakalniopoliklinika.lt\/?page_id=6842"},"modified":"2026-02-09T14:50:10","modified_gmt":"2026-02-09T11:50:10","slug":"skiepijimas-covid-19-vakcina","status":"publish","type":"page","link":"https:\/\/zaliakalniopoliklinika.lt\/en\/pacientams\/skiepijimas-covid-19-vakcina\/","title":{"rendered":"Vaccination with Covid-19 vaccine"},"content":{"rendered":"<div data-elementor-type=\"wp-page\" data-elementor-id=\"6842\" class=\"elementor elementor-6842\">\n\t\t\t\t\t\t\t        <section class=\"elementor-section elementor-top-section elementor-element elementor-element-614894e elementor-section-boxed elementor-section-height-default elementor-section-height-default ct-header-fixed-none ct-column-none ct-row-scroll-none ct-row-gradient--none\" data-id=\"614894e\" data-element_type=\"section\" data-settings=\"{&quot;ekit_has_onepagescroll_dot&quot;:&quot;yes&quot;}\">\n            \n                        <div class=\"elementor-container elementor-column-gap-default\">\n                    <div class=\"elementor-column elementor-col-66 elementor-top-column elementor-element elementor-element-0a96b64 ct-column-none col-offset-none col-color-offset-none\" data-id=\"0a96b64\" data-element_type=\"column\">\n            <div class=\"elementor-widget-wrap elementor-element-populated\">\n                        \t\t<div class=\"elementor-element elementor-element-d1e3417 elementor-widget elementor-widget-ct_heading\" data-id=\"d1e3417\" data-element_type=\"widget\" data-settings=\"{&quot;ekit_we_effect_on&quot;:&quot;none&quot;}\" data-widget_type=\"ct_heading.default\">\n\t\t\t\t<div class=\"elementor-widget-container\">\n\t\t\t<div id=\"ct_heading-d1e3417\" class=\"ct-heading h-align- item-st-default highlight-style1\">\r\n  <div class=\"ct-heading--inner\"> \r\n    <div class=\"ct-inline-css\"  data-css=\"                                \">\r\n    <\/div>\r\n  \r\n\t    <h3 class=\"item--title st-default\" data-wow-delay=\"ms\">\r\n        <span class=\"ct-text-inner\">Vaccination with COVID-19 vaccine<\/span>    <\/h3>\r\n  <\/div>\r\n<\/div>\r\n\t\t<\/div>\n\t\t\t\t<\/div>\n\t\t\t\t<div class=\"elementor-element elementor-element-7800272 elementor-widget elementor-widget-ct_heading\" data-id=\"7800272\" data-element_type=\"widget\" data-settings=\"{&quot;ekit_we_effect_on&quot;:&quot;none&quot;}\" data-widget_type=\"ct_heading.default\">\n\t\t\t\t<div class=\"elementor-widget-container\">\n\t\t\t<div id=\"ct_heading-7800272\" class=\"ct-heading h-align- item-st-default highlight-style1\">\r\n  <div class=\"ct-heading--inner\"> \r\n    <div class=\"ct-inline-css\"  data-css=\"                                \">\r\n    <\/div>\r\n  \r\n\t    <h4 class=\"item--title st-default\" data-wow-delay=\"ms\">\r\n        <span class=\"ct-text-inner\">WE DO NOT VACCINATE AT THE MOMENT<\/span>    <\/h4>\r\n  <\/div>\r\n<\/div>\r\n\t\t<\/div>\n\t\t\t\t<\/div>\n\t\t\t\t<div class=\"elementor-element elementor-element-0e1cb3f elementor-widget elementor-widget-ct_text_editor\" data-id=\"0e1cb3f\" data-element_type=\"widget\" data-settings=\"{&quot;ekit_we_effect_on&quot;:&quot;none&quot;}\" data-widget_type=\"ct_text_editor.default\">\n\t\t\t\t<div class=\"elementor-widget-container\">\n\t\t\t<div id=\"ct_text_editor-0e1cb3f\" class=\"ct-text-editor\" data-wow-delay=\"ms\">\n\t<div class=\"ct-item--inner\">\n\t\t<div class=\"ct-inline-css\"  data-css=\"\t        \t\t\t\">\n\n\t    <\/div>\n\t\t<div class=\"ct-text-editor elementor-clearfix\">\n\t\t\t<p><span style=\"color: #ff0000\"><a style=\"color: #ff0000\" href=\"https:\/\/zaliakalniopoliklinika.lt\/wp-content\/uploads\/2023\/01\/Covid-19-vakcinavimo-tvarka-2022-01-03.pdf\">Covid-19 vaccination procedure<\/a><\/span><\/p><p class=\"p2\">Dear patients, please be informed that in accordance with Article 15(2)(1) and (4) of the Law on Civil Protection of the Republic of Lithuania, Article 37(2)(1) of the Law on Prevention and Control of Infectious Diseases in Human Beings of the Republic of Lithuania, the Resolution of the Government of the Republic of Lithuania of 26 February 2020 No. 152 on the Declaration of a State Level Emergency, the State Emergency Management Plan approved by the Government of the Republic of Lithuania on 20 October 2010 No. 1503 \"On Approval of the State Emergency Management Plan\", point 20, and the Resolution of the Government of the Republic of Lithuania No 1419 \"On Appointment of the Head of State Operations for State Level Emergency Situation\", dated 16 December 2020, and in order to ensure the liquidation of the emergency situation, please be advised that you can now be vaccinated at \u017daliakalnis Polyclinic (Savanori\u0173 pr. 125, Kaunas) and at Armedica Polyclinic (Basanavi\u010diaus st. 82A, K\u0117dainiai).<\/p><p class=\"p2\">You can register for the COVID-19 vaccination by contacting your family clinic directly with your personal details and the name of the vaccine.<\/p><p class=\"p2\"><b>Currently, only Comirnaty (Pfizer) vaccination is available.<\/b><\/p><p class=\"p2\">Please note that:<\/p><ul class=\"ul1\"><li class=\"li3\">Vaccines and vaccination services are free of charge;<\/li><li class=\"li3\">Only pre-registered patients will be vaccinated;<\/li><li class=\"li3\">Please arrive no earlier than 10 minutes before the scheduled check-in time;<\/li><li class=\"li3\">Patients must be fever-free and wear a medical mask when they arrive for vaccination;<\/li><li class=\"li3\">Proof of identity is required;<\/li><\/ul>\t\t\n\t\t<\/div>\n\t<\/div>\n<\/div>\t\t<\/div>\n\t\t\t\t<\/div>\n\t\t            <\/div>\n        <\/div>\n                <div class=\"elementor-column elementor-col-33 elementor-top-column elementor-element elementor-element-a644000 ct-column-none col-offset-none col-color-offset-none\" data-id=\"a644000\" data-element_type=\"column\">\n            <div class=\"elementor-widget-wrap elementor-element-populated\">\n                        \t\t<div class=\"elementor-element elementor-element-8f6370c elementor-widget elementor-widget-ct_link\" data-id=\"8f6370c\" data-element_type=\"widget\" data-settings=\"{&quot;ekit_we_effect_on&quot;:&quot;none&quot;}\" data-widget_type=\"ct_link.default\">\n\t\t\t\t<div class=\"elementor-widget-container\">\n\t\t\t    <div class=\"ct-link1 style1\">\r\n        <ul class=\"ct-link-items\">\r\n                                <li>\r\n                        <a href=\"https:\/\/zaliakalniopoliklinika.lt\/en\/alergenai\/\">\r\n                                                        Allergens                        <\/a>\r\n                    <\/li>\r\n                                <li>\r\n                        <a href=\"https:\/\/zaliakalniopoliklinika.lt\/en\/skiepijimas-covid-19-vakcina\/\">\r\n                                                        Vaccination with Covid-19 vaccine                        <\/a>\r\n                    <\/li>\r\n                                <li>\r\n                        <a href=\"https:\/\/zaliakalniopoliklinika.lt\/en\/vaiku-profilaktinis-patikrinimas\/\">\r\n                                                        Preventive check-ups for children                        <\/a>\r\n                    <\/li>\r\n                                <li>\r\n                        <a href=\"https:\/\/zaliakalniopoliklinika.lt\/en\/kaip-tapti-klinikos-pacientu\/\">\r\n                                                        How do I become a clinic patient?                        <\/a>\r\n                    <\/li>\r\n                                <li>\r\n                        <a href=\"https:\/\/zaliakalniopoliklinika.lt\/en\/pacientams\/butinoji-medicinos-pagalba\/\">\r\n                                                        Medical emergencies                        <\/a>\r\n                    <\/li>\r\n                                <li>\r\n                        <a href=\"https:\/\/zaliakalniopoliklinika.lt\/en\/mokamos-paslaugos\/\">\r\n                                                        Paid services                        <\/a>\r\n                    <\/li>\r\n                                <li>\r\n                        <a href=\"https:\/\/zaliakalniopoliklinika.lt\/en\/nemokamos-paslaugos\/\">\r\n                                                        Free services                        <\/a>\r\n                    <\/li>\r\n                                <li>\r\n                        <a href=\"https:\/\/zaliakalniopoliklinika.lt\/en\/pacientams\/nemokamos-ambulatorines-slaugos-paslaugos-namuose\/\">\r\n                                                        Free outpatient home care services                        <\/a>\r\n                    <\/li>\r\n                                <li>\r\n                        <a href=\"https:\/\/zaliakalniopoliklinika.lt\/en\/naujagimiu-teveliams\/\">\r\n                                                        For parents of newborns                        <\/a>\r\n                    <\/li>\r\n                                <li>\r\n                        <a href=\"https:\/\/zaliakalniopoliklinika.lt\/en\/pacientams\/apmokejimo-budai-draudimai\/\">\r\n                                                        Methods of payment, insurances                        <\/a>\r\n                    <\/li>\r\n                                <li>\r\n                        <a href=\"https:\/\/zaliakalniopoliklinika.lt\/en\/mirties-liudijimas\/\">\r\n                                                        Death certificate                        <\/a>\r\n                    <\/li>\r\n                                <li>\r\n                        <a href=\"https:\/\/zaliakalniopoliklinika.lt\/en\/paciento-atmintine\/\">\r\n                                                        Patient memo                        <\/a>\r\n                    <\/li>\r\n                    <\/ul>\r\n    <\/div>\r\n\t\t<\/div>\n\t\t\t\t<\/div>\n\t\t            <\/div>\n        <\/div>\n                            <\/div>\n        <\/section>\n        \t\t\t\t\t<\/div>","protected":false},"excerpt":{"rendered":"<p>Vaccination with COVID-19 vaccine THIS YEAR WE ARE NOT VACCINATING COVID-19 vaccination procedure Dear patients, Please be informed that in accordance with Article 15(2)(1) and (4) of the Law of the Republic of Lithuania on Civil Protection, Article 37(2)(1) of the Law of the Republic of Lithuania on Prevention and Control of Human Transmissible Diseases, and the Resolution of the Government of the Republic of Lithuania of 26 February 2020 No. 152 on the State [...]<\/p>","protected":false},"author":2,"featured_media":0,"parent":6840,"menu_order":0,"comment_status":"closed","ping_status":"closed","template":"","meta":{"footnotes":""},"class_list":["post-6842","page","type-page","status-publish","hentry"],"yoast_head":"<!-- This site is optimized with the Yoast SEO plugin v25.2 - https:\/\/yoast.com\/wordpress\/plugins\/seo\/ -->\n<title>Skiepijimas Covid-19 vakcina - \u017daliakalnio poliklinika<\/title>\n<meta name=\"description\" content=\"Skiepijimas Covid-19 vakcina\" \/>\n<meta name=\"robots\" content=\"index, follow, max-snippet:-1, max-image-preview:large, max-video-preview:-1\" \/>\n<link rel=\"canonical\" href=\"https:\/\/zaliakalniopoliklinika.lt\/en\/pacientams\/skiepijimas-covid-19-vakcina\/\" \/>\n<meta property=\"og:locale\" content=\"en_US\" \/>\n<meta property=\"og:type\" content=\"article\" \/>\n<meta property=\"og:title\" content=\"Skiepijimas Covid-19 vakcina - \u017daliakalnio poliklinika\" \/>\n<meta property=\"og:description\" content=\"Skiepijimas Covid-19 vakcina\" \/>\n<meta property=\"og:url\" content=\"https:\/\/zaliakalniopoliklinika.lt\/en\/pacientams\/skiepijimas-covid-19-vakcina\/\" \/>\n<meta property=\"og:site_name\" content=\"\u017daliakalnio poliklinika\" \/>\n<meta property=\"article:publisher\" content=\"https:\/\/www.facebook.com\/uabzaliakalniopoliklinika\/\" \/>\n<meta property=\"article:modified_time\" content=\"2026-02-09T11:50:10+00:00\" \/>\n<meta name=\"twitter:card\" content=\"summary_large_image\" \/>\n<script type=\"application\/ld+json\" class=\"yoast-schema-graph\">{\"@context\":\"https:\/\/schema.org\",\"@graph\":[{\"@type\":\"WebPage\",\"@id\":\"https:\/\/zaliakalniopoliklinika.lt\/pacientams\/skiepijimas-covid-19-vakcina\/\",\"url\":\"https:\/\/zaliakalniopoliklinika.lt\/pacientams\/skiepijimas-covid-19-vakcina\/\",\"name\":\"Skiepijimas Covid-19 vakcina - \u017daliakalnio poliklinika\",\"isPartOf\":{\"@id\":\"https:\/\/zaliakalniopoliklinika.lt\/#website\"},\"datePublished\":\"2022-10-07T14:44:48+00:00\",\"dateModified\":\"2026-02-09T11:50:10+00:00\",\"description\":\"Skiepijimas Covid-19 vakcina\",\"breadcrumb\":{\"@id\":\"https:\/\/zaliakalniopoliklinika.lt\/pacientams\/skiepijimas-covid-19-vakcina\/#breadcrumb\"},\"inLanguage\":\"en-US\",\"potentialAction\":[{\"@type\":\"ReadAction\",\"target\":[\"https:\/\/zaliakalniopoliklinika.lt\/pacientams\/skiepijimas-covid-19-vakcina\/\"]}]},{\"@type\":\"BreadcrumbList\",\"@id\":\"https:\/\/zaliakalniopoliklinika.lt\/pacientams\/skiepijimas-covid-19-vakcina\/#breadcrumb\",\"itemListElement\":[{\"@type\":\"ListItem\",\"position\":1,\"name\":\"Pagrindinis\",\"item\":\"https:\/\/zaliakalniopoliklinika.lt\/\"},{\"@type\":\"ListItem\",\"position\":2,\"name\":\"Pacientams\",\"item\":\"https:\/\/zaliakalniopoliklinika.lt\/pacientams\/\"},{\"@type\":\"ListItem\",\"position\":3,\"name\":\"Skiepijimas Covid-19 vakcina\"}]},{\"@type\":\"WebSite\",\"@id\":\"https:\/\/zaliakalniopoliklinika.lt\/#website\",\"url\":\"https:\/\/zaliakalniopoliklinika.lt\/\",\"name\":\"\u017daliakalnio poliklinika\",\"description\":\"Profesonalios medicinos paslaugos.  Mes r\u016bpinam\u0117s J\u016bs\u0173 sveikata.\",\"publisher\":{\"@id\":\"https:\/\/zaliakalniopoliklinika.lt\/#organization\"},\"alternateName\":\"Poliklinika \u017daliakalnio\",\"potentialAction\":[{\"@type\":\"SearchAction\",\"target\":{\"@type\":\"EntryPoint\",\"urlTemplate\":\"https:\/\/zaliakalniopoliklinika.lt\/?s={search_term_string}\"},\"query-input\":{\"@type\":\"PropertyValueSpecification\",\"valueRequired\":true,\"valueName\":\"search_term_string\"}}],\"inLanguage\":\"en-US\"},{\"@type\":\"Organization\",\"@id\":\"https:\/\/zaliakalniopoliklinika.lt\/#organization\",\"name\":\"\u017daliakalnio poliklinika\",\"url\":\"https:\/\/zaliakalniopoliklinika.lt\/\",\"logo\":{\"@type\":\"ImageObject\",\"inLanguage\":\"en-US\",\"@id\":\"https:\/\/zaliakalniopoliklinika.lt\/#\/schema\/logo\/image\/\",\"url\":\"https:\/\/zaliakalniopoliklinika.lt\/wp-content\/uploads\/2021\/12\/Zaliakalnio-poliklinika-logotipas_skaidrus512x512.png\",\"contentUrl\":\"https:\/\/zaliakalniopoliklinika.lt\/wp-content\/uploads\/2021\/12\/Zaliakalnio-poliklinika-logotipas_skaidrus512x512.png\",\"width\":512,\"height\":512,\"caption\":\"\u017daliakalnio poliklinika\"},\"image\":{\"@id\":\"https:\/\/zaliakalniopoliklinika.lt\/#\/schema\/logo\/image\/\"},\"sameAs\":[\"https:\/\/www.facebook.com\/uabzaliakalniopoliklinika\/\"]}]}<\/script>\n<!-- \/ Yoast SEO plugin. -->","yoast_head_json":{"title":"Skiepijimas Covid-19 vakcina - \u017daliakalnio poliklinika","description":"Skiepijimas Covid-19 vakcina","robots":{"index":"index","follow":"follow","max-snippet":"max-snippet:-1","max-image-preview":"max-image-preview:large","max-video-preview":"max-video-preview:-1"},"canonical":"https:\/\/zaliakalniopoliklinika.lt\/en\/pacientams\/skiepijimas-covid-19-vakcina\/","og_locale":"en_US","og_type":"article","og_title":"Skiepijimas Covid-19 vakcina - \u017daliakalnio poliklinika","og_description":"Skiepijimas Covid-19 vakcina","og_url":"https:\/\/zaliakalniopoliklinika.lt\/en\/pacientams\/skiepijimas-covid-19-vakcina\/","og_site_name":"\u017daliakalnio poliklinika","article_publisher":"https:\/\/www.facebook.com\/uabzaliakalniopoliklinika\/","article_modified_time":"2026-02-09T11:50:10+00:00","twitter_card":"summary_large_image","schema":{"@context":"https:\/\/schema.org","@graph":[{"@type":"WebPage","@id":"https:\/\/zaliakalniopoliklinika.lt\/pacientams\/skiepijimas-covid-19-vakcina\/","url":"https:\/\/zaliakalniopoliklinika.lt\/pacientams\/skiepijimas-covid-19-vakcina\/","name":"Skiepijimas Covid-19 vakcina - \u017daliakalnio poliklinika","isPartOf":{"@id":"https:\/\/zaliakalniopoliklinika.lt\/#website"},"datePublished":"2022-10-07T14:44:48+00:00","dateModified":"2026-02-09T11:50:10+00:00","description":"Skiepijimas Covid-19 vakcina","breadcrumb":{"@id":"https:\/\/zaliakalniopoliklinika.lt\/pacientams\/skiepijimas-covid-19-vakcina\/#breadcrumb"},"inLanguage":"en-US","potentialAction":[{"@type":"ReadAction","target":["https:\/\/zaliakalniopoliklinika.lt\/pacientams\/skiepijimas-covid-19-vakcina\/"]}]},{"@type":"BreadcrumbList","@id":"https:\/\/zaliakalniopoliklinika.lt\/pacientams\/skiepijimas-covid-19-vakcina\/#breadcrumb","itemListElement":[{"@type":"ListItem","position":1,"name":"Pagrindinis","item":"https:\/\/zaliakalniopoliklinika.lt\/"},{"@type":"ListItem","position":2,"name":"Pacientams","item":"https:\/\/zaliakalniopoliklinika.lt\/pacientams\/"},{"@type":"ListItem","position":3,"name":"Skiepijimas Covid-19 vakcina"}]},{"@type":"WebSite","@id":"https:\/\/zaliakalniopoliklinika.lt\/#website","url":"https:\/\/zaliakalniopoliklinika.lt\/","name":"\u017daliakalnio poliklinika","description":"Profesonalios medicinos paslaugos.  Mes r\u016bpinam\u0117s J\u016bs\u0173 sveikata.","publisher":{"@id":"https:\/\/zaliakalniopoliklinika.lt\/#organization"},"alternateName":"Poliklinika \u017daliakalnio","potentialAction":[{"@type":"SearchAction","target":{"@type":"EntryPoint","urlTemplate":"https:\/\/zaliakalniopoliklinika.lt\/?s={search_term_string}"},"query-input":{"@type":"PropertyValueSpecification","valueRequired":true,"valueName":"search_term_string"}}],"inLanguage":"en-US"},{"@type":"Organization","@id":"https:\/\/zaliakalniopoliklinika.lt\/#organization","name":"\u017daliakalnio poliklinika","url":"https:\/\/zaliakalniopoliklinika.lt\/","logo":{"@type":"ImageObject","inLanguage":"en-US","@id":"https:\/\/zaliakalniopoliklinika.lt\/#\/schema\/logo\/image\/","url":"https:\/\/zaliakalniopoliklinika.lt\/wp-content\/uploads\/2021\/12\/Zaliakalnio-poliklinika-logotipas_skaidrus512x512.png","contentUrl":"https:\/\/zaliakalniopoliklinika.lt\/wp-content\/uploads\/2021\/12\/Zaliakalnio-poliklinika-logotipas_skaidrus512x512.png","width":512,"height":512,"caption":"\u017daliakalnio poliklinika"},"image":{"@id":"https:\/\/zaliakalniopoliklinika.lt\/#\/schema\/logo\/image\/"},"sameAs":["https:\/\/www.facebook.com\/uabzaliakalniopoliklinika\/"]}]}},"publishpress_future_action":{"enabled":false,"date":"2026-05-07 15:15:52","action":"change-status","newStatus":"draft","terms":[],"taxonomy":""},"publishpress_future_workflow_manual_trigger":{"enabledWorkflows":[]},"_links":{"self":[{"href":"https:\/\/zaliakalniopoliklinika.lt\/en\/wp-json\/wp\/v2\/pages\/6842","targetHints":{"allow":["GET"]}}],"collection":[{"href":"https:\/\/zaliakalniopoliklinika.lt\/en\/wp-json\/wp\/v2\/pages"}],"about":[{"href":"https:\/\/zaliakalniopoliklinika.lt\/en\/wp-json\/wp\/v2\/types\/page"}],"author":[{"embeddable":true,"href":"https:\/\/zaliakalniopoliklinika.lt\/en\/wp-json\/wp\/v2\/users\/2"}],"replies":[{"embeddable":true,"href":"https:\/\/zaliakalniopoliklinika.lt\/en\/wp-json\/wp\/v2\/comments?post=6842"}],"version-history":[{"count":3,"href":"https:\/\/zaliakalniopoliklinika.lt\/en\/wp-json\/wp\/v2\/pages\/6842\/revisions"}],"predecessor-version":[{"id":17411,"href":"https:\/\/zaliakalniopoliklinika.lt\/en\/wp-json\/wp\/v2\/pages\/6842\/revisions\/17411"}],"up":[{"embeddable":true,"href":"https:\/\/zaliakalniopoliklinika.lt\/en\/wp-json\/wp\/v2\/pages\/6840"}],"wp:attachment":[{"href":"https:\/\/zaliakalniopoliklinika.lt\/en\/wp-json\/wp\/v2\/media?parent=6842"}],"curies":[{"name":"wp","href":"https:\/\/api.w.org\/{rel}","templated":true}]}}