{"id":187,"date":"2021-09-24T03:55:20","date_gmt":"2021-09-24T03:55:20","guid":{"rendered":"https:\/\/demo.casethemes.net\/itfirm\/?page_id=187"},"modified":"2022-11-30T18:06:43","modified_gmt":"2022-11-30T18:06:43","slug":"naujienos","status":"publish","type":"page","link":"https:\/\/zaliakalniopoliklinika.lt\/en\/naujienos\/","title":{"rendered":"News"},"content":{"rendered":"","protected":false},"excerpt":{"rendered":"","protected":false},"author":2,"featured_media":0,"parent":0,"menu_order":0,"comment_status":"closed","ping_status":"closed","template":"template-parts\/blog-classic.php","meta":{"footnotes":""},"class_list":["post-187","page","type-page","status-publish","hentry"],"yoast_head":"<!-- This site is optimized with the Yoast SEO plugin v25.2 - https:\/\/yoast.com\/wordpress\/plugins\/seo\/ -->\n<title>Naujienos - \u017daliakalnio poliklinika<\/title>\n<meta name=\"description\" content=\"Naujienos\" \/>\n<meta name=\"robots\" content=\"index, follow, max-snippet:-1, max-image-preview:large, max-video-preview:-1\" \/>\n<link rel=\"canonical\" href=\"https:\/\/zaliakalniopoliklinika.lt\/en\/naujienos\/\" \/>\n<meta property=\"og:locale\" content=\"en_US\" \/>\n<meta property=\"og:type\" content=\"article\" \/>\n<meta property=\"og:title\" content=\"Naujienos - \u017daliakalnio poliklinika\" \/>\n<meta property=\"og:description\" content=\"Naujienos\" \/>\n<meta property=\"og:url\" content=\"https:\/\/zaliakalniopoliklinika.lt\/en\/naujienos\/\" \/>\n<meta property=\"og:site_name\" content=\"\u017daliakalnio poliklinika\" \/>\n<meta property=\"article:publisher\" content=\"https:\/\/www.facebook.com\/uabzaliakalniopoliklinika\/\" \/>\n<meta property=\"article:modified_time\" content=\"2022-11-30T18:06:43+00:00\" \/>\n<meta name=\"twitter:card\" content=\"summary_large_image\" \/>\n<script type=\"application\/ld+json\" class=\"yoast-schema-graph\">{\"@context\":\"https:\/\/schema.org\",\"@graph\":[{\"@type\":\"WebPage\",\"@id\":\"https:\/\/zaliakalniopoliklinika.lt\/naujienos\/\",\"url\":\"https:\/\/zaliakalniopoliklinika.lt\/naujienos\/\",\"name\":\"Naujienos - \u017daliakalnio poliklinika\",\"isPartOf\":{\"@id\":\"https:\/\/zaliakalniopoliklinika.lt\/#website\"},\"datePublished\":\"2021-09-24T03:55:20+00:00\",\"dateModified\":\"2022-11-30T18:06:43+00:00\",\"description\":\"Naujienos\",\"breadcrumb\":{\"@id\":\"https:\/\/zaliakalniopoliklinika.lt\/naujienos\/#breadcrumb\"},\"inLanguage\":\"en-US\",\"potentialAction\":[{\"@type\":\"ReadAction\",\"target\":[\"https:\/\/zaliakalniopoliklinika.lt\/naujienos\/\"]}]},{\"@type\":\"BreadcrumbList\",\"@id\":\"https:\/\/zaliakalniopoliklinika.lt\/naujienos\/#breadcrumb\",\"itemListElement\":[{\"@type\":\"ListItem\",\"position\":1,\"name\":\"Pagrindinis\",\"item\":\"https:\/\/zaliakalniopoliklinika.lt\/\"},{\"@type\":\"ListItem\",\"position\":2,\"name\":\"Naujienos\"}]},{\"@type\":\"WebSite\",\"@id\":\"https:\/\/zaliakalniopoliklinika.lt\/#website\",\"url\":\"https:\/\/zaliakalniopoliklinika.lt\/\",\"name\":\"\u017daliakalnio poliklinika\",\"description\":\"Profesonalios medicinos paslaugos.  Mes r\u016bpinam\u0117s J\u016bs\u0173 sveikata.\",\"publisher\":{\"@id\":\"https:\/\/zaliakalniopoliklinika.lt\/#organization\"},\"alternateName\":\"Poliklinika \u017daliakalnio\",\"potentialAction\":[{\"@type\":\"SearchAction\",\"target\":{\"@type\":\"EntryPoint\",\"urlTemplate\":\"https:\/\/zaliakalniopoliklinika.lt\/?s={search_term_string}\"},\"query-input\":{\"@type\":\"PropertyValueSpecification\",\"valueRequired\":true,\"valueName\":\"search_term_string\"}}],\"inLanguage\":\"en-US\"},{\"@type\":\"Organization\",\"@id\":\"https:\/\/zaliakalniopoliklinika.lt\/#organization\",\"name\":\"\u017daliakalnio poliklinika\",\"url\":\"https:\/\/zaliakalniopoliklinika.lt\/\",\"logo\":{\"@type\":\"ImageObject\",\"inLanguage\":\"en-US\",\"@id\":\"https:\/\/zaliakalniopoliklinika.lt\/#\/schema\/logo\/image\/\",\"url\":\"https:\/\/zaliakalniopoliklinika.lt\/wp-content\/uploads\/2021\/12\/Zaliakalnio-poliklinika-logotipas_skaidrus512x512.png\",\"contentUrl\":\"https:\/\/zaliakalniopoliklinika.lt\/wp-content\/uploads\/2021\/12\/Zaliakalnio-poliklinika-logotipas_skaidrus512x512.png\",\"width\":512,\"height\":512,\"caption\":\"\u017daliakalnio poliklinika\"},\"image\":{\"@id\":\"https:\/\/zaliakalniopoliklinika.lt\/#\/schema\/logo\/image\/\"},\"sameAs\":[\"https:\/\/www.facebook.com\/uabzaliakalniopoliklinika\/\"]}]}<\/script>\n<!-- \/ Yoast SEO plugin. -->","yoast_head_json":{"title":"Naujienos - \u017daliakalnio poliklinika","description":"Naujienos","robots":{"index":"index","follow":"follow","max-snippet":"max-snippet:-1","max-image-preview":"max-image-preview:large","max-video-preview":"max-video-preview:-1"},"canonical":"https:\/\/zaliakalniopoliklinika.lt\/en\/naujienos\/","og_locale":"en_US","og_type":"article","og_title":"Naujienos - \u017daliakalnio poliklinika","og_description":"Naujienos","og_url":"https:\/\/zaliakalniopoliklinika.lt\/en\/naujienos\/","og_site_name":"\u017daliakalnio poliklinika","article_publisher":"https:\/\/www.facebook.com\/uabzaliakalniopoliklinika\/","article_modified_time":"2022-11-30T18:06:43+00:00","twitter_card":"summary_large_image","schema":{"@context":"https:\/\/schema.org","@graph":[{"@type":"WebPage","@id":"https:\/\/zaliakalniopoliklinika.lt\/naujienos\/","url":"https:\/\/zaliakalniopoliklinika.lt\/naujienos\/","name":"Naujienos - \u017daliakalnio poliklinika","isPartOf":{"@id":"https:\/\/zaliakalniopoliklinika.lt\/#website"},"datePublished":"2021-09-24T03:55:20+00:00","dateModified":"2022-11-30T18:06:43+00:00","description":"Naujienos","breadcrumb":{"@id":"https:\/\/zaliakalniopoliklinika.lt\/naujienos\/#breadcrumb"},"inLanguage":"en-US","potentialAction":[{"@type":"ReadAction","target":["https:\/\/zaliakalniopoliklinika.lt\/naujienos\/"]}]},{"@type":"BreadcrumbList","@id":"https:\/\/zaliakalniopoliklinika.lt\/naujienos\/#breadcrumb","itemListElement":[{"@type":"ListItem","position":1,"name":"Pagrindinis","item":"https:\/\/zaliakalniopoliklinika.lt\/"},{"@type":"ListItem","position":2,"name":"Naujienos"}]},{"@type":"WebSite","@id":"https:\/\/zaliakalniopoliklinika.lt\/#website","url":"https:\/\/zaliakalniopoliklinika.lt\/","name":"\u017daliakalnio poliklinika","description":"Profesonalios medicinos paslaugos.  Mes r\u016bpinam\u0117s J\u016bs\u0173 sveikata.","publisher":{"@id":"https:\/\/zaliakalniopoliklinika.lt\/#organization"},"alternateName":"Poliklinika \u017daliakalnio","potentialAction":[{"@type":"SearchAction","target":{"@type":"EntryPoint","urlTemplate":"https:\/\/zaliakalniopoliklinika.lt\/?s={search_term_string}"},"query-input":{"@type":"PropertyValueSpecification","valueRequired":true,"valueName":"search_term_string"}}],"inLanguage":"en-US"},{"@type":"Organization","@id":"https:\/\/zaliakalniopoliklinika.lt\/#organization","name":"\u017daliakalnio poliklinika","url":"https:\/\/zaliakalniopoliklinika.lt\/","logo":{"@type":"ImageObject","inLanguage":"en-US","@id":"https:\/\/zaliakalniopoliklinika.lt\/#\/schema\/logo\/image\/","url":"https:\/\/zaliakalniopoliklinika.lt\/wp-content\/uploads\/2021\/12\/Zaliakalnio-poliklinika-logotipas_skaidrus512x512.png","contentUrl":"https:\/\/zaliakalniopoliklinika.lt\/wp-content\/uploads\/2021\/12\/Zaliakalnio-poliklinika-logotipas_skaidrus512x512.png","width":512,"height":512,"caption":"\u017daliakalnio poliklinika"},"image":{"@id":"https:\/\/zaliakalniopoliklinika.lt\/#\/schema\/logo\/image\/"},"sameAs":["https:\/\/www.facebook.com\/uabzaliakalniopoliklinika\/"]}]}},"publishpress_future_action":{"enabled":false,"date":"2026-05-02 09:54:28","action":"change-status","newStatus":"draft","terms":[],"taxonomy":""},"publishpress_future_workflow_manual_trigger":{"enabledWorkflows":[]},"_links":{"self":[{"href":"https:\/\/zaliakalniopoliklinika.lt\/en\/wp-json\/wp\/v2\/pages\/187","targetHints":{"allow":["GET"]}}],"collection":[{"href":"https:\/\/zaliakalniopoliklinika.lt\/en\/wp-json\/wp\/v2\/pages"}],"about":[{"href":"https:\/\/zaliakalniopoliklinika.lt\/en\/wp-json\/wp\/v2\/types\/page"}],"author":[{"embeddable":true,"href":"https:\/\/zaliakalniopoliklinika.lt\/en\/wp-json\/wp\/v2\/users\/2"}],"replies":[{"embeddable":true,"href":"https:\/\/zaliakalniopoliklinika.lt\/en\/wp-json\/wp\/v2\/comments?post=187"}],"version-history":[{"count":0,"href":"https:\/\/zaliakalniopoliklinika.lt\/en\/wp-json\/wp\/v2\/pages\/187\/revisions"}],"wp:attachment":[{"href":"https:\/\/zaliakalniopoliklinika.lt\/en\/wp-json\/wp\/v2\/media?parent=187"}],"curies":[{"name":"wp","href":"https:\/\/api.w.org\/{rel}","templated":true}]}}